{"id":10470,"date":"2017-11-08T08:59:06","date_gmt":"2017-11-08T08:59:06","guid":{"rendered":"https:\/\/www.woluwe1150.be\/?page_id=10470"},"modified":"2020-01-24T14:48:13","modified_gmt":"2020-01-24T13:48:13","slug":"prime-pour-la-pose-dun-clapet-anti-retour","status":"publish","type":"page","link":"https:\/\/www.woluwe1150.be\/en\/moving-in-woluwe-saint-pierre\/prime-pour-la-pose-dun-clapet-anti-retour\/","title":{"rendered":"Premium for the installation of a safety valve"},"content":{"rendered":"<p>For more information, you can contact the taxes service : avenue Ch. Thielemans 93 &#8211; groundfloor &#8211; T\u00e9l. 02\/773.07.43<\/p>\n<p><a href=\"https:\/\/www.woluwe1150.be\/app\/uploads\/2020\/01\/prime_clapet_dec19_fr.pdf\" target=\"_blank\" rel=\"noopener\">R\u00e8glement relatif \u00e0 l&#8217;octroi d&#8217;une prime pour la pose d&#8217;un clapet anti-retour sur le raccordement au r\u00e9seau d&#8217;\u00e9gouts public\u00a0<\/a><\/p>\n<p><a href=\"https:\/\/www.woluwe1150.be\/app\/uploads\/2020\/01\/prime_clapet_dec19_nl.pdf\" target=\"_blank\" rel=\"noopener\">Reglement betreffende de toekenning van een premie voor het plaatsen van een terugslagklep op de aansluiting aan het openbare rioleringsnetwerk<\/a><\/p>\n<p>Demande de prime &#8211; <a href=\"\/app\/uploads\/2012\/05\/media_documents_nouveaux-habitants_Declaration_prime_clapet.pdf\" target=\"_blank\" rel=\"noopener\">D\u00e9claration<\/a> &#8211; <a href=\"https:\/\/www.woluwe1150.be\/app\/uploads\/2016\/01\/declaration_prime_clapet_2018_nl.pdf\" target=\"_blank\" rel=\"noopener\">Verklaring<\/a><\/p>\n","protected":false},"excerpt":{"rendered":"<p>For more information, you can contact the taxes service : avenue Ch. Thielemans 93 &#8211; groundfloor &#8211; T\u00e9l. 02\/773.07.43 R\u00e8glement relatif \u00e0 l&#8217;octroi d&#8217;une prime pour la pose d&#8217;un clapet [&hellip;]<\/p>\n","protected":false},"author":24,"featured_media":0,"parent":10510,"menu_order":16,"comment_status":"closed","ping_status":"closed","template":"template-ralated.php","meta":{"_acf_changed":false,"footnotes":""},"class_list":["post-10470","page","type-page","status-publish","hentry"],"acf":[],"_links":{"self":[{"href":"https:\/\/www.woluwe1150.be\/en\/wp-json\/wp\/v2\/pages\/10470","targetHints":{"allow":["GET"]}}],"collection":[{"href":"https:\/\/www.woluwe1150.be\/en\/wp-json\/wp\/v2\/pages"}],"about":[{"href":"https:\/\/www.woluwe1150.be\/en\/wp-json\/wp\/v2\/types\/page"}],"author":[{"embeddable":true,"href":"https:\/\/www.woluwe1150.be\/en\/wp-json\/wp\/v2\/users\/24"}],"replies":[{"embeddable":true,"href":"https:\/\/www.woluwe1150.be\/en\/wp-json\/wp\/v2\/comments?post=10470"}],"version-history":[{"count":0,"href":"https:\/\/www.woluwe1150.be\/en\/wp-json\/wp\/v2\/pages\/10470\/revisions"}],"up":[{"embeddable":true,"href":"https:\/\/www.woluwe1150.be\/en\/wp-json\/wp\/v2\/pages\/10510"}],"wp:attachment":[{"href":"https:\/\/www.woluwe1150.be\/en\/wp-json\/wp\/v2\/media?parent=10470"}],"curies":[{"name":"wp","href":"https:\/\/api.w.org\/{rel}","templated":true}]}}