{"id":29592,"date":"2020-02-04T14:43:57","date_gmt":"2020-02-04T13:43:57","guid":{"rendered":"https:\/\/www.woluwe1150.be\/?page_id=29592"},"modified":"2026-04-28T16:35:36","modified_gmt":"2026-04-28T14:35:36","slug":"openbaarheid-van-bestuur-gemeente","status":"publish","type":"page","link":"https:\/\/www.woluwe1150.be\/nl\/transparantie\/openbaarheid-van-bestuur-gemeente\/","title":{"rendered":"Openbaarheid van bestuur &#8211; gemeente"},"content":{"rendered":"<p><strong><u>Human Resources<\/u><\/strong><\/p>\n<p><a href=\"https:\/\/www.woluwe1150.be\/app\/uploads\/2012\/08\/organigramme_nl_0326.pdf\" target=\"_blank\" rel=\"noopener\">Organogram<\/a><\/p>\n<p><a href=\"https:\/\/jobs.www.woluwe1150.be\/index.aspx\" target=\"_blank\" rel=\"noopener\">Vacatures<\/a><\/p>\n<p><a href=\"https:\/\/www.woluwe1150.be\/app\/uploads\/2024\/01\/statut_administratif_200922_nl.pdf\" target=\"_blank\" rel=\"noopener\">Administratief statuut<\/a><\/p>\n<p><a href=\"https:\/\/www.woluwe1150.be\/app\/uploads\/2024\/01\/statut_pecuniaire_221122_nl.pdf\" target=\"_blank\" rel=\"noopener\">Bezoldigingsregeling<\/a><\/p>\n<p>&nbsp;<\/p>\n<p><strong><u>Subsidies<\/u><\/strong><\/p>\n<p><a href=\"https:\/\/www.woluwe1150.be\/app\/uploads\/2020\/03\/subsides.pdf\" target=\"_blank\" rel=\"noopener\">Subsidies 2020<\/a><\/p>\n<p><a href=\"https:\/\/www.woluwe1150.be\/app\/uploads\/2020\/04\/subsides_2019_annexe3.xlsx\" target=\"_blank\" rel=\"noopener\">Subsidies 2020 &#8211; bijlage 3<\/a><\/p>\n<p>&nbsp;<\/p>\n<p><strong><u>Overheidsopdrachten<\/u><\/strong><\/p>\n<p><a href=\"https:\/\/www.woluwe1150.be\/app\/uploads\/2021\/06\/mp2020_PNSPP42\u00a711a_nl.xls\" target=\"_blank\" rel=\"noopener\">Overheidsopdrachten 2020 &#8211; PNSPP 42 \u00a71 1 a<\/a><\/p>\n<p><a href=\"https:\/\/www.woluwe1150.be\/app\/uploads\/2021\/06\/mp2020_PNSPP42\u00a711b_nl.xls\" target=\"_blank\" rel=\"noopener\">Overheidsopdrachten 2020 &#8211; PNSPP 42 \u00a71 1 b<\/a><\/p>\n<p><a href=\"https:\/\/www.woluwe1150.be\/app\/uploads\/2021\/06\/mp2020_faibles_montants_nl.xlsx\" target=\"_blank\" rel=\"noopener\">Overheidsopdrachten 2020 &#8211; kleine bedragen<\/a><\/p>\n<p><a href=\"https:\/\/www.woluwe1150.be\/app\/uploads\/2021\/06\/mp2020_marches_conjoints_nl.xls\" target=\"_blank\" rel=\"noopener\">Overheidsopdrachten 2020 &#8211; gezamenlijke overheidsopdrachten<\/a><\/p>\n<p><a href=\"https:\/\/www.woluwe1150.be\/app\/uploads\/2021\/06\/mp2020_centrale_achat_nl.xls\" target=\"_blank\" rel=\"noopener\">Overheidsopdrachten 2020 &#8211; kaderovereenkomsten<\/a><\/p>\n<p><a href=\"https:\/\/www.woluwe1150.be\/app\/uploads\/2021\/06\/mp2020_autres_procedures_nl.xls\" target=\"_blank\" rel=\"noopener\">Overheidsopdrachten 2020 &#8211; andere overheidsopdrachten<\/a><\/p>\n<p>&nbsp;<\/p>\n<p><span style=\"text-decoration: underline;\"><strong>Stedenbouw<\/strong><\/span><\/p>\n<p>Wordt later aangevuld<\/p>\n<p>&nbsp;<\/p>\n<p><span style=\"text-decoration: underline;\"><strong>Toegang tot administratieve documenten<\/strong><\/span><\/p>\n<p>De wet van 12.11.1997 betreffende de openbaarheid van bestuur in de provincies en gemeenten houdt een aantal verplichtingen in op het gebied van openbaarheid van bestuursdocumenten.<\/p>\n<p>U vindt onder deze rubriek, die geregeld wordt bijgewerkt, de antwoorden van het College van burgemeester en schepenen van Sint-Pieters-Woluwe op de vragen die door de burgers gesteld worden.<\/p>\n<p><a href=\"https:\/\/www.woluwe1150.be\/app\/uploads\/2025\/06\/procedure_transparancia_220525.pdf\" target=\"_blank\" rel=\"noopener\">Demande d\u2019acc\u00e8s \u00e0 des documents administratifs \u2013 proc\u00e9dure Transparencia<\/a> &#8211; 22\/05\/25<br \/>\n<a href=\"https:\/\/www.woluwe1150.be\/app\/uploads\/2025\/04\/permis_urbanisme_abattage_arbres_0325.pdf\" target=\"_blank\" rel=\"noopener\">Permis d\u2019urbanisme pour l\u2019abattage de 10 arbres, rue au Bois 370-372 &#8211; Autorisation<\/a><br \/>\n<a href=\"https:\/\/www.woluwe1150.be\/app\/uploads\/2025\/03\/permis_urbanisme_wolusport2023.pdf\" target=\"_blank\" rel=\"noopener\">Accord de la commune dans le cadre de la demande de permis d\u2019urbanisme introduite par l\u2019A.S.B.L. WOLU-SPORT en vue de supprimer un terrain de basket, un terrain de football et une piste d\u2019athl\u00e9tisme pour am\u00e9nager un nouveau terrain de football et un nouveau terrain de hockey sur une parcelle dont elle est propri\u00e9taire \u00a0&#8211; Avis de la commission de concertation de 2023<\/a><br \/>\n<a href=\"https:\/\/www.woluwe1150.be\/app\/uploads\/2024\/01\/taxe_occupation_voirie_110124.pdf\" target=\"_blank\" rel=\"noopener\">Demande d\u2019acc\u00e8s \u00e0 des documents administratifs \u2013 Taxes d\u2019occupation de voirie \u2013 11\/01\/24<\/a><br \/>\n<a href=\"https:\/\/www.woluwe1150.be\/app\/uploads\/2024\/01\/note_cc_110124.pdf\" target=\"_blank\" rel=\"noopener\">Demande d&#8217;acc\u00e8s \u00e0 des documents administratifs &#8211; Notes de synth\u00e8se explicatives, projets de d\u00e9lib\u00e9ration, registre des pi\u00e8ces, annexes des points \u00e0 l&#8217;ordre du jour du Conseil communal du 19.12.2023<\/a><br \/>\n<a href=\"https:\/\/www.woluwe1150.be\/app\/uploads\/2023\/07\/factures_avocat_060723.pdf\" target=\"_blank\" rel=\"noopener\">Demande d&#8217;acc\u00e8s \u00e0 des documents administratifs &#8211; Transparencia &#8211; Factures de Me BERENBOOM &#8211; 06\/07\/23<\/a><br \/>\n<a href=\"https:\/\/www.woluwe1150.be\/app\/uploads\/2023\/05\/notes_explicatives_cc_170523.pdf\" target=\"_blank\" rel=\"noopener\">Notes explicatives des points publics inscrits \u00e0 l&#8217;ordre du jour du Conseil communal et annexes &#8211; 17\/05\/23<\/a>\u00a0<br \/>\n<a href=\"https:\/\/www.woluwe1150.be\/app\/uploads\/2023\/05\/cameras_surveillance_170523.pdf\" target=\"_blank\" rel=\"noopener\">Demande de documents relatifs \u00e0 l&#8217;installation de cam\u00e9ras fixes de surveillance dans des lieux ouverts accessibles au public &#8211; 17\/05\/23<\/a>\u00a0<br \/>\n<a href=\"https:\/\/www.woluwe1150.be\/app\/uploads\/2023\/05\/horodateurs_270423.pdf\" target=\"_blank\" rel=\"noopener\">Demande de documents relatifs aux horodateurs &#8211; 27\/04\/23<\/a>\u00a0<br \/>\n<a href=\"https:\/\/www.woluwe1150.be\/app\/uploads\/2023\/05\/gestion_rofc_stockel.pdf\" target=\"_blank\" rel=\"noopener\">Ordonnance du Tribunal de I&#8217;Entreprise de Bruxelles d\u00e9signant un administrateur provisoire en vue d&#8217;assurer la gestion du R.O.F.C. Stockel<\/a> &#8211; 13\/04\/23<br \/>\n<a href=\"https:\/\/www.woluwe1150.be\/app\/uploads\/2023\/05\/convention_wolusport_sportcity.pdf\" target=\"_blank\" rel=\"noopener\">Convention conclue entre la commune et I&#8217;A.S.B.L. WOLU-SPORT pour l&#8217;occupation du centre sportif &#8220;Sportcity&#8221; et ses annexes et avenants<\/a> &#8211; 21\/12\/23<br \/>\n<a href=\"https:\/\/www.woluwe1150.be\/app\/uploads\/2023\/05\/exploitation_taverne_sportcity.pdf\" target=\"_blank\" rel=\"noopener\">Concession d&#8217;exploitation de la taverne-cafeteria du Centre sportif de Woluwe-Saint-Pierre &#8220;SPORTCITY&#8221; &#8211; A.S.B.L. WOLU-SPORT<\/a> &#8211; 17\/11\/22<br \/>\n<a href=\"https:\/\/www.woluwe1150.be\/app\/uploads\/2022\/11\/toiture_vanderelst_271022.pdf\" target=\"_blank\" rel=\"noopener\">Copie du proc\u00e8s-verbal relatif \u00e0 la r\u00e9hausse de toiture rue F. Vander Elst 79 &#8211; Coll\u00e8ge du 27.10.22<\/a><br \/>\n<a href=\"https:\/\/www.woluwe1150.be\/app\/uploads\/2022\/09\/logiciels_informatiques_ecoles_college210922.pdf\" target=\"_blank\" rel=\"noopener\">Liste des logiciels informatiques d\u00e9ploy\u00e9s dans les \u00e9tablissements scolaires et documents y relatifs \u2013 Coll\u00e8ge du 21.09.22<\/a><br \/>\n<a href=\"https:\/\/www.woluwe1150.be\/app\/uploads\/2022\/01\/taxe_antenne_relais_cc151221.pdf\" target=\"_blank\" rel=\"noopener\">R\u00f4le de la taxe sur les antennes relais pour l\u2019exercice 2020 \u2013 Coll\u00e8ge du 15.12.21<\/a><br \/>\n<a href=\"https:\/\/www.woluwe1150.be\/app\/uploads\/2021\/10\/liste_patrimoine_college071021.pdf\" target=\"_blank\" rel=\"noopener\">Liste du patrimoine artistique de la commune \u2013 Coll\u00e8ge du 07.10.21<\/a><br \/>\n<a href=\"https:\/\/www.woluwe1150.be\/app\/uploads\/2021\/06\/registre_amiante_sportcity_100621.pdf\" target=\"_blank\" rel=\"noopener\">Registre amiante \u2013 Sportcity \u2013 Coll\u00e8ge du 10.06.21<\/a><br \/>\n<a href=\"https:\/\/www.woluwe1150.be\/app\/uploads\/2021\/06\/registre_amiante_csem_100621.pdf\" target=\"_blank\" rel=\"noopener\">Registre amiante \u2013 Centre Scolaire Eddy Merck \u2013 Coll\u00e8ge du 10.06.21<\/a><br \/>\n<a href=\"https:\/\/www.woluwe1150.be\/app\/uploads\/2017\/07\/Liste-des-membres-des-cabinets-des-Bourgmestres-et-Echevins-Coll%C3%A8ge-du-18.07.2019.pdf\">Liste des membres des cabinets des Bourgmestres et Echevins \u2013 Coll\u00e8ge du 18.07.2019<\/a>\u00a0\u2013\u00a0<a href=\"https:\/\/www.woluwe1150.be\/app\/uploads\/2020\/11\/liste_membres_cabinets_novembre2020.pdf\" target=\"_blank\" rel=\"noopener noreferrer\">Liste actualis\u00e9e de novembre 2020<\/a>\u00a0<br \/>\n<a href=\"https:\/\/www.woluwe1150.be\/app\/uploads\/2017\/07\/elections_communales_2018_procurations-_college020519.pdf\" target=\"_blank\" rel=\"noopener noreferrer\">Elections communales 2018 : procurations \u2013 Coll\u00e8ge du 02.05.2019<\/a><br \/>\n<a href=\"https:\/\/www.woluwe1150.be\/app\/uploads\/2017\/07\/classement_talus_vignoble_college_110419.pdf\" target=\"_blank\" rel=\"noopener noreferrer\">Demande de classement comme site du talus du Vignoble des Etangs \u2013 Coll\u00e8ge du 11.04.2019<\/a><br \/>\n<a href=\"https:\/\/www.woluwe1150.be\/app\/uploads\/2017\/07\/inventaires_amiante_sportcity_college_140319.pdf\" target=\"_blank\" rel=\"noopener noreferrer\">Inventaires amiante et programmes de gestion des risques d\u2019exposition \u00e0 l\u2019amiante de Sportcity \u2013 Coll\u00e8ge du 14.03.2019<\/a><br \/>\n<a href=\"https:\/\/www.woluwe1150.be\/app\/uploads\/2017\/07\/interpellation_citoyenne_college_100119.pdf\" target=\"_blank\" rel=\"noopener noreferrer\">Interpellation citoyenne \u2013 Coll\u00e8ge du 10.01.2019<\/a><br \/>\n<a href=\"https:\/\/www.woluwe1150.be\/app\/uploads\/2017\/07\/copie_permis_urbanisme_college_201218.pdf\" target=\"_blank\" rel=\"noopener noreferrer\">Copie des permis d\u2019urbanisme d\u00e9livr\u00e9s pour les nouveaux projets des promoteurs immobiliers \u2013 Coll\u00e8ge du 20.12.2018<\/a><br \/>\n<a href=\"https:\/\/www.woluwe1150.be\/app\/uploads\/2017\/07\/elections_communales_2018_procurations_college_241018.pdf\" target=\"_blank\" rel=\"noopener noreferrer\">Elections communales 2018, procurations \u2013 Coll\u00e8ge du 24.10.2018<\/a><br \/>\n<a href=\"https:\/\/www.woluwe1150.be\/app\/uploads\/2017\/07\/infiltration_stabilite_batiments_communaux_college_111018.pdf\" target=\"_blank\" rel=\"noopener noreferrer\">Infiltration et stabilit\u00e9 des b\u00e2timents communaux \u2013 Coll\u00e8ge du 11.10.2018<\/a><br \/>\n<a href=\"https:\/\/www.woluwe1150.be\/app\/uploads\/2017\/07\/registre_securite_batiments_communaux_college_111018.pdf\" target=\"_blank\" rel=\"noopener noreferrer\">Registre de s\u00e9curit\u00e9 des b\u00e2timents communaux \u2013 Coll\u00e8ge du 11.10.2018<\/a><br \/>\n<a href=\"https:\/\/www.woluwe1150.be\/app\/uploads\/2017\/07\/centre_scolaire_eddy_merckx_registre_securite_courriel_100918.pdf\" target=\"_blank\" rel=\"noopener noreferrer\">Centre scolaire Eddy Merckx Registre S\u00e9curit\u00e9 \u2013 courriel du 10.09.2018<\/a><br \/>\n<a href=\"https:\/\/www.woluwe1150.be\/app\/uploads\/2017\/07\/jumelages_partenariats_coll%C3%A8ge_230818.pdf\" target=\"_blank\" rel=\"noopener noreferrer\">Jumelages \u2013 partenariats \u2013 Coll\u00e8ge du 23.08.2018<\/a><br \/>\n<a href=\"https:\/\/www.woluwe1150.be\/app\/uploads\/2017\/07\/liste_electeurs_college_230818.pdf\" target=\"_blank\" rel=\"noopener noreferrer\">Liste des \u00e9lecteurs \u2013 Coll\u00e8ge du 23.08.2018<\/a><br \/>\n<a href=\"https:\/\/www.woluwe1150.be\/app\/uploads\/2017\/07\/centre_eddy_merckx_registre_securite_college_120718.pdf\" target=\"_blank\" rel=\"noopener noreferrer\">Centre scolaire Eddy Merckx Registre de S\u00e9curit\u00e9 \u2013 Coll\u00e8ge du 12.07.2018<\/a><br \/>\n<a href=\"https:\/\/www.woluwe1150.be\/app\/uploads\/2017\/07\/asbl_renumeration_mandataires_missions_voyage_courriel_120718.pdf\" target=\"_blank\" rel=\"noopener noreferrer\">ASBL \u2013 R\u00e9mun\u00e9ration \u2013 mandataires \u2013 missions \u2013 voyage \u2013 courriel du 12.07.2018<\/a><br \/>\n<a href=\"https:\/\/www.woluwe1150.be\/app\/uploads\/2017\/07\/asbl_jumelages_partenariats_college_280618.pdf\" target=\"_blank\" rel=\"noopener noreferrer\">ASBL Jumelages et Partenariats \u2013 Coll\u00e8ge du 28.06.2018<\/a><br \/>\n<a href=\"https:\/\/www.woluwe1150.be\/app\/uploads\/2017\/07\/organigramme_personnel_college_280618.pdf\" target=\"_blank\" rel=\"noopener noreferrer\">Organigramme du personnel \u2013 Coll\u00e8ge du 28.06.2018<\/a><br \/>\n<a href=\"https:\/\/www.woluwe1150.be\/app\/uploads\/2017\/07\/diverses_demandes_college_220318.pdf\" target=\"_blank\" rel=\"noopener noreferrer\">Diverses demandes \u2013 Coll\u00e8ge du 22.03.2018<\/a><br \/>\n<a href=\"https:\/\/www.woluwe1150.be\/app\/uploads\/2017\/07\/aung_san_suu_kyi_college_161117.pdf\" target=\"_blank\" rel=\"noopener noreferrer\">Aung San Suu Kyi \u2013 Coll\u00e8ge du 16.11.2017<\/a><br \/>\n<a href=\"https:\/\/www.woluwe1150.be\/app\/uploads\/2017\/07\/remuneration_mandataires_college_280917.pdf\" target=\"_blank\" rel=\"noopener noreferrer\">R\u00e9mun\u00e9ration des mandataires \u2013 Coll\u00e8ge du 28.09.2017<\/a><br \/>\n<a href=\"https:\/\/www.woluwe1150.be\/app\/uploads\/2017\/07\/remuneration_bourgmestre_college_280917.pdf\" target=\"_blank\" rel=\"noopener noreferrer\">R\u00e9mun\u00e9ration du Bourgmestre \u2013 Coll\u00e8ge du 28.09.2017<\/a><br \/>\n<a href=\"https:\/\/www.woluwe1150.be\/app\/uploads\/2017\/07\/liste_mandats_courriel_140717.pdf\" target=\"_blank\" rel=\"noopener noreferrer\">Liste des mandats \u2013 courriel du 14.07.2017<\/a><br \/>\n<a href=\"https:\/\/www.woluwe1150.be\/app\/uploads\/2017\/07\/google_analytics_courriel_290617.pdf\" target=\"_blank\" rel=\"noopener noreferrer\">Google Analytics \u2013 courriel du 29.06.2017<\/a><br \/>\n<a href=\"https:\/\/www.woluwe1150.be\/app\/uploads\/2017\/07\/programme_cohesion_sociale_region_courriel_280617.pdf\" target=\"_blank\" rel=\"noopener noreferrer\">Programme de coh\u00e9sion sociale de la R\u00e9gion \u2013 courriel du 28.06.2017<\/a><\/p>\n","protected":false},"excerpt":{"rendered":"<p>Human Resources Organogram Vacatures Administratief statuut Bezoldigingsregeling &nbsp; Subsidies Subsidies 2020 Subsidies 2020 &#8211; bijlage 3 &nbsp; Overheidsopdrachten Overheidsopdrachten 2020 &#8211; PNSPP 42 \u00a71 1 a Overheidsopdrachten 2020 &#8211; PNSPP [&hellip;]<\/p>\n","protected":false},"author":24,"featured_media":0,"parent":29583,"menu_order":0,"comment_status":"closed","ping_status":"closed","template":"template-ralated.php","meta":{"_acf_changed":false,"footnotes":""},"class_list":["post-29592","page","type-page","status-publish","hentry"],"acf":[],"_links":{"self":[{"href":"https:\/\/www.woluwe1150.be\/nl\/wp-json\/wp\/v2\/pages\/29592","targetHints":{"allow":["GET"]}}],"collection":[{"href":"https:\/\/www.woluwe1150.be\/nl\/wp-json\/wp\/v2\/pages"}],"about":[{"href":"https:\/\/www.woluwe1150.be\/nl\/wp-json\/wp\/v2\/types\/page"}],"author":[{"embeddable":true,"href":"https:\/\/www.woluwe1150.be\/nl\/wp-json\/wp\/v2\/users\/24"}],"replies":[{"embeddable":true,"href":"https:\/\/www.woluwe1150.be\/nl\/wp-json\/wp\/v2\/comments?post=29592"}],"version-history":[{"count":11,"href":"https:\/\/www.woluwe1150.be\/nl\/wp-json\/wp\/v2\/pages\/29592\/revisions"}],"predecessor-version":[{"id":94763,"href":"https:\/\/www.woluwe1150.be\/nl\/wp-json\/wp\/v2\/pages\/29592\/revisions\/94763"}],"up":[{"embeddable":true,"href":"https:\/\/www.woluwe1150.be\/nl\/wp-json\/wp\/v2\/pages\/29583"}],"wp:attachment":[{"href":"https:\/\/www.woluwe1150.be\/nl\/wp-json\/wp\/v2\/media?parent=29592"}],"curies":[{"name":"wp","href":"https:\/\/api.w.org\/{rel}","templated":true}]}}